{"id":6817,"date":"2025-08-28T19:50:31","date_gmt":"2025-08-28T17:50:31","guid":{"rendered":"https:\/\/edr.eu\/?page_id=6817"},"modified":"2025-09-08T12:25:42","modified_gmt":"2025-09-08T10:25:42","slug":"toegankelijkheid","status":"publish","type":"page","link":"https:\/\/edr.eu\/nl\/barrierefreiheit\/","title":{"rendered":"Toegankelijkheid"},"content":{"rendered":"<div data-elementor-type=\"wp-page\" data-elementor-id=\"6817\" class=\"elementor elementor-6817\" data-elementor-settings=\"{&quot;ha_cmc_init_switcher&quot;:&quot;no&quot;}\" data-elementor-post-type=\"page\">\n\t\t\t\t\t\t<section class=\"elementor-section elementor-top-section elementor-element elementor-element-d4b444d elementor-section-boxed elementor-section-height-default elementor-section-height-default\" data-id=\"d4b444d\" data-element_type=\"section\" data-e-type=\"section\" data-settings=\"{&quot;_ha_eqh_enable&quot;:false}\">\n\t\t\t\t\t\t<div class=\"elementor-container elementor-column-gap-default\">\n\t\t\t\t\t<div class=\"elementor-column elementor-col-100 elementor-top-column elementor-element elementor-element-bdb8e44\" data-id=\"bdb8e44\" data-element_type=\"column\" data-e-type=\"column\">\n\t\t\t<div class=\"elementor-widget-wrap elementor-element-populated\">\n\t\t\t\t\t\t<div class=\"elementor-element elementor-element-8e0706c elementor-widget elementor-widget-heading\" data-id=\"8e0706c\" data-element_type=\"widget\" data-e-type=\"widget\" data-widget_type=\"heading.default\">\n\t\t\t\t<div class=\"elementor-widget-container\">\n\t\t\t\t\t<h1 class=\"elementor-heading-title elementor-size-default\">Toegankelijkheid<\/h1>\t\t\t\t<\/div>\n\t\t\t\t<\/div>\n\t\t\t\t<div class=\"elementor-element elementor-element-9765dd2 elementor-widget elementor-widget-heading\" data-id=\"9765dd2\" data-element_type=\"widget\" data-e-type=\"widget\" data-widget_type=\"heading.default\">\n\t\t\t\t<div class=\"elementor-widget-container\">\n\t\t\t\t\t<h2 class=\"elementor-heading-title elementor-size-default\">Toepassingsgebied<\/h2>\t\t\t\t<\/div>\n\t\t\t\t<\/div>\n\t\t\t\t<div class=\"elementor-element elementor-element-3d4748a elementor-widget elementor-widget-text-editor\" data-id=\"3d4748a\" data-element_type=\"widget\" data-e-type=\"widget\" data-widget_type=\"text-editor.default\">\n\t\t\t\t<div class=\"elementor-widget-container\">\n\t\t\t\t\t\t\t\t\t<p>De Eems Dollard Regio (Bunderpoort 14, 9693 CJ Bad Nieuweschans) streeft ernaar haar website <strong>edr.eu <\/strong>toegankelijk te maken in overeenstemming met nationale wetgeving ter uitvoering van EU-richtlijn 2016\/2102.<br \/>Deze verklaring inzake toegankelijkheid is van toepassing op de website <strong>edr.eu<\/strong>.<\/p>\t\t\t\t\t\t\t\t<\/div>\n\t\t\t\t<\/div>\n\t\t\t\t<div class=\"elementor-element elementor-element-50d8605 elementor-widget elementor-widget-heading\" data-id=\"50d8605\" data-element_type=\"widget\" data-e-type=\"widget\" data-widget_type=\"heading.default\">\n\t\t\t\t<div class=\"elementor-widget-container\">\n\t\t\t\t\t<h2 class=\"elementor-heading-title elementor-size-default\">Stand van zaken met betrekking tot de vereisten<\/h2>\t\t\t\t<\/div>\n\t\t\t\t<\/div>\n\t\t\t\t<div class=\"elementor-element elementor-element-6f124bc elementor-widget elementor-widget-text-editor\" data-id=\"6f124bc\" data-element_type=\"widget\" data-e-type=\"widget\" data-widget_type=\"text-editor.default\">\n\t\t\t\t<div class=\"elementor-widget-container\">\n\t\t\t\t\t\t\t\t\t<p>De website voldoet gedeeltelijk aan de eisen voor toegankelijkheid. De basis hiervoor zijn de richtlijnen van de Web Content Accessibility Guidelines (WCAG) 2.1, conformiteitsniveau AA, en de eisen van de Duitse wet inzake verbetering van toegankelijkheid (Barrierefreiheitsst\u00e4rkungsgesetz, BFSG).<\/p><p>De volgende tests zijn uitgevoerd om dit te controleren:<\/p><ul><li><p><strong>WAVE-test:<\/strong> geen kritieke fouten (errors), alleen waarschuwingen (alerts) of problemen die worden veroorzaakt door externe inhoud (bijv. pdf-documenten en software van derden).<\/p><\/li><li><p><strong>Lighthouse-test:<\/strong> alle webpagina's behalen een minimale score van 83 en scoren meestal rond de 90.<\/p><\/li><li><p><strong>Handmatige tests:<\/strong> de gebruiksvriendelijkheid van de schermlezer en het toetsenbord is getest.<\/p><\/li><\/ul>\t\t\t\t\t\t\t\t<\/div>\n\t\t\t\t<\/div>\n\t\t\t\t<div class=\"elementor-element elementor-element-5e03fb1 elementor-widget elementor-widget-heading\" data-id=\"5e03fb1\" data-element_type=\"widget\" data-e-type=\"widget\" data-widget_type=\"heading.default\">\n\t\t\t\t<div class=\"elementor-widget-container\">\n\t\t\t\t\t<h2 class=\"elementor-heading-title elementor-size-default\">Niet vrij toegankelijke inhoud<\/h2>\t\t\t\t<\/div>\n\t\t\t\t<\/div>\n\t\t\t\t<div class=\"elementor-element elementor-element-bc055e5 elementor-widget elementor-widget-text-editor\" data-id=\"bc055e5\" data-element_type=\"widget\" data-e-type=\"widget\" data-widget_type=\"text-editor.default\">\n\t\t\t\t<div class=\"elementor-widget-container\">\n\t\t\t\t\t\t\t\t\t<p>De volgende inhoud is nog niet vrij toegankelijk:<\/p><p><strong>1. Documenten (PDF\/Word)<br \/><\/strong>Verschillende webpagina's bevatten links naar PDF- of Word-documenten die niet volledig toegankelijk kunnen worden gemaakt (bijvoorbeeld oude projectdocumenten).<br \/>Dit betreft onder andere de volgende webpagina's:<\/p><ul><li>Data<\/li><li>De EDR<\/li><li>Projectsubsidie hoger dan 25.000 euro<\/li><li>Interreg-subsidieprogramma<\/li><li>Kleinprojectenfonds<\/li><li>EDR-prijs voor leerlingen<\/li><li>Downloads<\/li><\/ul><p><strong><br \/>2. Kleurcontrast<br \/><\/strong>Op de pagina \u201cInterreg-subsidieprogramma\u201d zijn er beperkte contrasten die momenteel niet volledig aanpasbaar zijn, vanwege software van derden.<\/p><p><strong>3. Ondersteunende software \u201cElementor Ally\u201d<br \/><\/strong>Deze software, die maximale toegankelijkheid mogelijk maakt, is momenteel alleen beschikbaar in het Duits. Er is nauw contact met de provider om de software binnenkort ook te kunnen activeren voor de Nederlandse versie.<\/p>\t\t\t\t\t\t\t\t<\/div>\n\t\t\t\t<\/div>\n\t\t\t\t<div class=\"elementor-element elementor-element-4dde2eb elementor-widget elementor-widget-heading\" data-id=\"4dde2eb\" data-element_type=\"widget\" data-e-type=\"widget\" id=\"kontakt\" data-widget_type=\"heading.default\">\n\t\t\t\t<div class=\"elementor-widget-container\">\n\t\t\t\t\t<h2 class=\"elementor-heading-title elementor-size-default\">Feedback en contact<\/h2>\t\t\t\t<\/div>\n\t\t\t\t<\/div>\n\t\t\t\t<div class=\"elementor-element elementor-element-9528ba4 elementor-widget elementor-widget-text-editor\" data-id=\"9528ba4\" data-element_type=\"widget\" data-e-type=\"widget\" data-widget_type=\"text-editor.default\">\n\t\t\t\t<div class=\"elementor-widget-container\">\n\t\t\t\t\t\t\t\t\t<p>Heeft u problemen ondervonden bij het toegankelijk maken van de inhoud van onze website?<br \/>Gelieve ons dit te melden via e-mail: tomke.diekena@edr.eu<\/p><p>Wij streven ernaar te antwoorden binnen een redelijke termijn.<\/p>\t\t\t\t\t\t\t\t<\/div>\n\t\t\t\t<\/div>\n\t\t\t\t<div class=\"elementor-element elementor-element-b6e116c elementor-widget elementor-widget-heading\" data-id=\"b6e116c\" data-element_type=\"widget\" data-e-type=\"widget\" data-widget_type=\"heading.default\">\n\t\t\t\t<div class=\"elementor-widget-container\">\n\t\t\t\t\t<h2 class=\"elementor-heading-title elementor-size-default\">Handhavingsprocedure<\/h2>\t\t\t\t<\/div>\n\t\t\t\t<\/div>\n\t\t\t\t<div class=\"elementor-element elementor-element-89eed25 elementor-widget elementor-widget-text-editor\" data-id=\"89eed25\" data-element_type=\"widget\" data-e-type=\"widget\" data-widget_type=\"text-editor.default\">\n\t\t\t\t<div class=\"elementor-widget-container\">\n\t\t\t\t\t\t\t\t\t<p>Als u binnen twee weken geen toereikend antwoord op uw verzoek inzake toegankelijkheid hebt ontvangen, kunt u contact opnemen met de toezichthoudende instantie:<\/p><p><strong>Bemiddelingsinstantie volgens de Duitse wet inzake gelijke behandeling van mindervaliden (Behindertengleichstellungsgesetz, BGG)<\/strong><br \/>Bij het mandaat van de Duitse bondsregering voor de belangen van mindervaliden<br \/>Mauerstra\u00dfe 53, 10117 Berlijn<br \/>E-mail: <a href=\"mailto:schlichtungsstelle@bmas.bund.de\">schlichtungsstelle@bmas.bund.de<\/a><br \/>Website: www.schlichtungsstelle-bgg.de<\/p>\t\t\t\t\t\t\t\t<\/div>\n\t\t\t\t<\/div>\n\t\t\t\t<div class=\"elementor-element elementor-element-a760dcc elementor-widget elementor-widget-heading\" data-id=\"a760dcc\" data-element_type=\"widget\" data-e-type=\"widget\" data-widget_type=\"heading.default\">\n\t\t\t\t<div class=\"elementor-widget-container\">\n\t\t\t\t\t<h2 class=\"elementor-heading-title elementor-size-default\">Opstelling van deze verklaring inzake toegankelijkheid<\/h2>\t\t\t\t<\/div>\n\t\t\t\t<\/div>\n\t\t\t\t<div class=\"elementor-element elementor-element-bc6978c elementor-widget elementor-widget-text-editor\" data-id=\"bc6978c\" data-element_type=\"widget\" data-e-type=\"widget\" data-widget_type=\"text-editor.default\">\n\t\t\t\t<div class=\"elementor-widget-container\">\n\t\t\t\t\t\t\t\t\t<ul><li>Deze verklaring is opgesteld op 28-08-2025.<\/li><li>De verklaring is gebaseerd op een zelfevaluatie door middel van interne tests (WAVE, Lighthouse en handmatige screenreader- en toetsenbordtests).<\/li><li>Laatste controle: 28-08-2025<\/li><\/ul>\t\t\t\t\t\t\t\t<\/div>\n\t\t\t\t<\/div>\n\t\t\t\t\t<\/div>\n\t\t<\/div>\n\t\t\t\t\t<\/div>\n\t\t<\/section>\n\t\t\t\t<\/div>","protected":false},"excerpt":{"rendered":"<p>Geltungsbereich Die Ems Dollart Region (Bunderpoort 14, 9693 CJ Bad Nieuweschans) ist bem\u00fcht, ihre Website edr.eu im Einklang mit den national geltenden Rechtsvorschriften zur Umsetzung der Richtlinie (EU) 2016\/2102 barrierefrei zug\u00e4nglich zu machen. Diese Erkl\u00e4rung zur Barrierefreiheit gilt f\u00fcr die Website edr.eu. Stand der Vereinbarkeit mit den Anforderungen Die Website ist teilweise mit den Anforderungen [&hellip;]<\/p>\n","protected":false},"author":13,"featured_media":0,"parent":0,"menu_order":0,"comment_status":"closed","ping_status":"closed","template":"","meta":{"footnotes":""},"wf_page_folders":[153],"class_list":["post-6817","page","type-page","status-publish","hentry"],"_links":{"self":[{"href":"https:\/\/edr.eu\/nl\/wp-json\/wp\/v2\/pages\/6817","targetHints":{"allow":["GET"]}}],"collection":[{"href":"https:\/\/edr.eu\/nl\/wp-json\/wp\/v2\/pages"}],"about":[{"href":"https:\/\/edr.eu\/nl\/wp-json\/wp\/v2\/types\/page"}],"author":[{"embeddable":true,"href":"https:\/\/edr.eu\/nl\/wp-json\/wp\/v2\/users\/13"}],"replies":[{"embeddable":true,"href":"https:\/\/edr.eu\/nl\/wp-json\/wp\/v2\/comments?post=6817"}],"version-history":[{"count":5,"href":"https:\/\/edr.eu\/nl\/wp-json\/wp\/v2\/pages\/6817\/revisions"}],"predecessor-version":[{"id":6846,"href":"https:\/\/edr.eu\/nl\/wp-json\/wp\/v2\/pages\/6817\/revisions\/6846"}],"wp:attachment":[{"href":"https:\/\/edr.eu\/nl\/wp-json\/wp\/v2\/media?parent=6817"}],"wp:term":[{"taxonomy":"wf_page_folders","embeddable":true,"href":"https:\/\/edr.eu\/nl\/wp-json\/wp\/v2\/wf_page_folders?post=6817"}],"curies":[{"name":"wp","href":"https:\/\/api.w.org\/{rel}","templated":true}]}}