{"id":4587,"date":"2025-03-07T10:31:49","date_gmt":"2025-03-07T08:31:49","guid":{"rendered":"https:\/\/vorschau.edr.eu\/?page_id=4587"},"modified":"2026-02-26T13:17:05","modified_gmt":"2026-02-26T11:17:05","slug":"edr-studiedag","status":"publish","type":"page","link":"https:\/\/edr.eu\/nl\/edr-studientag\/","title":{"rendered":"EDR-studiedag"},"content":{"rendered":"<div data-elementor-type=\"wp-page\" data-elementor-id=\"4587\" class=\"elementor elementor-4587\" data-elementor-settings=\"{&quot;ha_cmc_init_switcher&quot;:&quot;no&quot;}\" data-elementor-post-type=\"page\">\n\t\t\t\t\t\t<section class=\"elementor-section elementor-top-section elementor-element elementor-element-45cc55d elementor-section-boxed elementor-section-height-default elementor-section-height-default\" data-id=\"45cc55d\" data-element_type=\"section\" data-e-type=\"section\" data-settings=\"{&quot;_ha_eqh_enable&quot;:false}\">\n\t\t\t\t\t\t<div class=\"elementor-container elementor-column-gap-default\">\n\t\t\t\t\t<div class=\"elementor-column elementor-col-50 elementor-top-column elementor-element elementor-element-27e08c6\" data-id=\"27e08c6\" data-element_type=\"column\" data-e-type=\"column\" data-settings=\"{&quot;background_background&quot;:&quot;classic&quot;}\">\n\t\t\t<div class=\"elementor-widget-wrap elementor-element-populated\">\n\t\t\t\t\t\t<div class=\"elementor-element elementor-element-4045ae3 elementor-widget elementor-widget-heading\" data-id=\"4045ae3\" data-element_type=\"widget\" data-e-type=\"widget\" data-widget_type=\"heading.default\">\n\t\t\t\t<div class=\"elementor-widget-container\">\n\t\t\t\t\t<h1 class=\"elementor-heading-title elementor-size-default\">EDR-studiedag<\/h1>\t\t\t\t<\/div>\n\t\t\t\t<\/div>\n\t\t\t\t<div class=\"elementor-element elementor-element-e712011 elementor-widget elementor-widget-text-editor\" data-id=\"e712011\" data-element_type=\"widget\" data-e-type=\"widget\" data-widget_type=\"text-editor.default\">\n\t\t\t\t<div class=\"elementor-widget-container\">\n\t\t\t\t\t\t\t\t\t<p>De EDR-studiedag is een jaarlijkse bijeenkomst voor taaldocenten uit Nederland en Duitsland, die de uitwisseling en samenwerking op het gebied van taalonderwijs bevordert.<\/p>\t\t\t\t\t\t\t\t<\/div>\n\t\t\t\t<\/div>\n\t\t\t\t\t<\/div>\n\t\t<\/div>\n\t\t\t\t<div class=\"elementor-column elementor-col-50 elementor-top-column elementor-element elementor-element-677bc1c\" data-id=\"677bc1c\" data-element_type=\"column\" data-e-type=\"column\" data-settings=\"{&quot;background_background&quot;:&quot;classic&quot;}\">\n\t\t\t<div class=\"elementor-widget-wrap elementor-element-populated\">\n\t\t\t\t\t\t<div class=\"elementor-element elementor-element-e421d79 elementor-widget elementor-widget-image\" data-id=\"e421d79\" data-element_type=\"widget\" data-e-type=\"widget\" data-widget_type=\"image.default\">\n\t\t\t\t<div class=\"elementor-widget-container\">\n\t\t\t\t\t\t\t\t\t\t\t\t\t\t\t<img fetchpriority=\"high\" decoding=\"async\" width=\"800\" height=\"476\" src=\"https:\/\/edr.eu\/wp-content\/uploads\/2025\/02\/Logo-Taalunie-Studientag-1024x609.jpg\" class=\"attachment-large size-large wp-image-4155\" alt=\"Logo Taalunie Studiedag\" srcset=\"https:\/\/edr.eu\/wp-content\/uploads\/2025\/02\/Logo-Taalunie-Studientag-1024x609.jpg 1024w, https:\/\/edr.eu\/wp-content\/uploads\/2025\/02\/Logo-Taalunie-Studientag-300x179.jpg 300w, https:\/\/edr.eu\/wp-content\/uploads\/2025\/02\/Logo-Taalunie-Studientag-768x457.jpg 768w, https:\/\/edr.eu\/wp-content\/uploads\/2025\/02\/Logo-Taalunie-Studientag-18x12.jpg 18w, https:\/\/edr.eu\/wp-content\/uploads\/2025\/02\/Logo-Taalunie-Studientag.jpg 1445w\" sizes=\"(max-width: 800px) 100vw, 800px\" \/>\t\t\t\t\t\t\t\t\t\t\t\t\t\t\t<\/div>\n\t\t\t\t<\/div>\n\t\t\t\t<div class=\"elementor-element elementor-element-31f85b1 elementor-widget elementor-widget-text-editor\" data-id=\"31f85b1\" data-element_type=\"widget\" data-e-type=\"widget\" data-widget_type=\"text-editor.default\">\n\t\t\t\t<div class=\"elementor-widget-container\">\n\t\t\t\t\t\t\t\t\t<p>Mogelijk gemaakt door de: <a href=\"https:\/\/taalunie.org\/\" target=\"_blank\" rel=\"noopener\">Taalunie<\/a><\/p>\t\t\t\t\t\t\t\t<\/div>\n\t\t\t\t<\/div>\n\t\t\t\t\t<\/div>\n\t\t<\/div>\n\t\t\t\t\t<\/div>\n\t\t<\/section>\n\t\t\t\t<section class=\"elementor-section elementor-top-section elementor-element elementor-element-776952d elementor-section-boxed elementor-section-height-default elementor-section-height-default\" data-id=\"776952d\" data-element_type=\"section\" data-e-type=\"section\" data-settings=\"{&quot;_ha_eqh_enable&quot;:false}\">\n\t\t\t\t\t\t<div class=\"elementor-container elementor-column-gap-default\">\n\t\t\t\t\t<div class=\"elementor-column elementor-col-50 elementor-top-column elementor-element elementor-element-775b6cf\" data-id=\"775b6cf\" data-element_type=\"column\" data-e-type=\"column\" data-settings=\"{&quot;background_background&quot;:&quot;classic&quot;}\">\n\t\t\t<div class=\"elementor-widget-wrap elementor-element-populated\">\n\t\t\t\t\t\t<div class=\"elementor-element elementor-element-53ddbe1 elementor-widget elementor-widget-heading\" data-id=\"53ddbe1\" data-element_type=\"widget\" data-e-type=\"widget\" data-widget_type=\"heading.default\">\n\t\t\t\t<div class=\"elementor-widget-container\">\n\t\t\t\t\t<h2 class=\"elementor-heading-title elementor-size-default\">EDR-Studiedag voor docenten<\/h2>\t\t\t\t<\/div>\n\t\t\t\t<\/div>\n\t\t\t\t<div class=\"elementor-element elementor-element-e6c51fe elementor-widget elementor-widget-text-editor\" data-id=\"e6c51fe\" data-element_type=\"widget\" data-e-type=\"widget\" data-widget_type=\"text-editor.default\">\n\t\t\t\t<div class=\"elementor-widget-container\">\n\t\t\t\t\t\t\t\t\tDe EDR-Studientag is een jaarlijkse grensoverschrijdende studiedag voor docenten uit Nederland en Duitsland. Sinds 1990 brengt deze studiedag onderwijsprofessionals uit beide landen samen om de samenwerking en uitwisseling binnen het onderwijs in de grensregio te bevorderen. Jaarlijks nemen ongeveer 100 docenten deel aan deze eendaagse bijeenkomst, die bestaat uit inspirerende lezingen, interactieve workshops en een gezamenlijke lunch.\nOok dit jaar kunnen de deelnemers een gevarieerd programma verwachten met interessante workshops en volop mogelijkheden om te netwerken. De studiedag vindt afwisselend in Nederland en Duitsland plaats. De datum en locatie van de volgende editie worden binnenkort bekendgemaakt.\n\t\t\t\t\t\t\t\t<\/div>\n\t\t\t\t<\/div>\n\t\t\t\t\t<\/div>\n\t\t<\/div>\n\t\t\t\t<div class=\"elementor-column elementor-col-50 elementor-top-column elementor-element elementor-element-f9bd309\" data-id=\"f9bd309\" data-element_type=\"column\" data-e-type=\"column\" data-settings=\"{&quot;background_background&quot;:&quot;classic&quot;}\">\n\t\t\t<div class=\"elementor-widget-wrap elementor-element-populated\">\n\t\t\t\t\t\t<div class=\"elementor-element elementor-element-8d38fb2 elementor-widget elementor-widget-text-editor\" data-id=\"8d38fb2\" data-element_type=\"widget\" data-e-type=\"widget\" data-widget_type=\"text-editor.default\">\n\t\t\t\t<div class=\"elementor-widget-container\">\n\t\t\t\t\t\t\t\t\tDe organisatie van de studiedag ligt in handen van de EDR, met de inhoudelijke voorbereiding door de werkgroep Onderwijs. \t\t\t\t\t\t\t\t<\/div>\n\t\t\t\t<\/div>\n\t\t\t\t<div class=\"elementor-element elementor-element-a40fc9a elementor-widget elementor-widget-heading\" data-id=\"a40fc9a\" data-element_type=\"widget\" data-e-type=\"widget\" data-widget_type=\"heading.default\">\n\t\t\t\t<div class=\"elementor-widget-container\">\n\t\t\t\t\t<h2 class=\"elementor-heading-title elementor-size-default\">Leden van de werkgroep \u201cGrensoverschrijdend onderwijs\"<\/h2>\t\t\t\t<\/div>\n\t\t\t\t<\/div>\n\t\t\t\t<div class=\"elementor-element elementor-element-9ab7316 elementor-widget elementor-widget-text-editor\" data-id=\"9ab7316\" data-element_type=\"widget\" data-e-type=\"widget\" data-widget_type=\"text-editor.default\">\n\t\t\t\t<div class=\"elementor-widget-container\">\n\t\t\t\t\t\t\t\t\t<ul>\n<li>Prof. Dr. Frauke Grittner, Hoofd Regionales P\u00e4dagogisches Zentrum (RPZ) Aurich<\/li>\n<li>Dr. Birgit Groenhagen, Fachseminarleiterin Niederl\u00e4ndisch Studienseminar Aurich, Carl von Ossietzky Universit\u00e4t Oldenburg<\/li>\n<li>Dr. Mirjam G\u00fcnter-van der Meij, Professor toegepaste wetenschappen NHL Stenden Hogeschool<\/li>\n<li>Katharina Hoffmann, Dollard College<\/li>\n<li>Martina Mauer, Ems Dollart Region<\/li>\n<li>Foekje Reitsma, Docente vakdidactiek en taalverwerving\/ PhD bij Carl von Ossietzky Universit\u00e4t<\/li>\n<li>Lea Timmer, Ems Dollart Region (EDR Buurtalen)<\/li>\n<li>Anke Wessels, Gymnasium Rhauderfehn<\/li>\n<li>Elsine Wortelen, co\u00f6rdinator voor Saksisch-Nederlandse betrekkingen op onderwijsgebied<\/li>\n<\/ul>\t\t\t\t\t\t\t\t<\/div>\n\t\t\t\t<\/div>\n\t\t\t\t\t<\/div>\n\t\t<\/div>\n\t\t\t\t\t<\/div>\n\t\t<\/section>\n\t\t\t\t<\/div>","protected":false},"excerpt":{"rendered":"<p>Der EDR-Studientag ist eine j\u00e4hrliche Tagesveranstaltung f\u00fcr Sprachlehrkr\u00e4fte aus den Niederlanden und Deutschland, die den Austausch und die Zusammenarbeit im Bereich der Sprachvermittlung f\u00f6rdert. Mit freundlicher Unterst\u00fctzung von: Taalunie EDR-Studientag f\u00fcr Lehrkr\u00e4fte Der EDR-Studientag ist eine j\u00e4hrlich organisierte, grenz\u00fcbergreifende Veranstaltung f\u00fcr Lehrkr\u00e4fte aus den Niederlanden und Deutschland. Seit 1990 bringt der Studientag P\u00e4dagog*innen aus beiden [&hellip;]<\/p>\n","protected":false},"author":13,"featured_media":0,"parent":0,"menu_order":0,"comment_status":"closed","ping_status":"closed","template":"","meta":{"footnotes":""},"wf_page_folders":[79],"class_list":["post-4587","page","type-page","status-publish","hentry"],"_links":{"self":[{"href":"https:\/\/edr.eu\/nl\/wp-json\/wp\/v2\/pages\/4587","targetHints":{"allow":["GET"]}}],"collection":[{"href":"https:\/\/edr.eu\/nl\/wp-json\/wp\/v2\/pages"}],"about":[{"href":"https:\/\/edr.eu\/nl\/wp-json\/wp\/v2\/types\/page"}],"author":[{"embeddable":true,"href":"https:\/\/edr.eu\/nl\/wp-json\/wp\/v2\/users\/13"}],"replies":[{"embeddable":true,"href":"https:\/\/edr.eu\/nl\/wp-json\/wp\/v2\/comments?post=4587"}],"version-history":[{"count":9,"href":"https:\/\/edr.eu\/nl\/wp-json\/wp\/v2\/pages\/4587\/revisions"}],"predecessor-version":[{"id":7438,"href":"https:\/\/edr.eu\/nl\/wp-json\/wp\/v2\/pages\/4587\/revisions\/7438"}],"wp:attachment":[{"href":"https:\/\/edr.eu\/nl\/wp-json\/wp\/v2\/media?parent=4587"}],"wp:term":[{"taxonomy":"wf_page_folders","embeddable":true,"href":"https:\/\/edr.eu\/nl\/wp-json\/wp\/v2\/wf_page_folders?post=4587"}],"curies":[{"name":"wp","href":"https:\/\/api.w.org\/{rel}","templated":true}]}}