{"id":3338,"date":"2025-02-02T02:37:58","date_gmt":"2025-02-02T00:37:58","guid":{"rendered":"https:\/\/vorschau.edr.eu\/?page_id=3338"},"modified":"2025-07-10T10:58:12","modified_gmt":"2025-07-10T08:58:12","slug":"vaste-subsidie-van-750-euro","status":"publish","type":"page","link":"https:\/\/edr.eu\/nl\/pauschalfoerderung-von-750-euro\/","title":{"rendered":"Forfaitaire subsidie van \u20ac 750"},"content":{"rendered":"<div data-elementor-type=\"wp-page\" data-elementor-id=\"3338\" class=\"elementor elementor-3338\" data-elementor-settings=\"{&quot;ha_cmc_init_switcher&quot;:&quot;no&quot;}\" data-elementor-post-type=\"page\">\n\t\t\t\t\t\t<section class=\"elementor-section elementor-top-section elementor-element elementor-element-8faabb1 elementor-section-boxed elementor-section-height-default elementor-section-height-default\" data-id=\"8faabb1\" data-element_type=\"section\" data-e-type=\"section\" data-settings=\"{&quot;background_background&quot;:&quot;classic&quot;,&quot;_ha_eqh_enable&quot;:false}\">\n\t\t\t\t\t\t<div class=\"elementor-container elementor-column-gap-default\">\n\t\t\t\t\t<div class=\"elementor-column elementor-col-100 elementor-top-column elementor-element elementor-element-6f79194\" data-id=\"6f79194\" data-element_type=\"column\" data-e-type=\"column\">\n\t\t\t<div class=\"elementor-widget-wrap elementor-element-populated\">\n\t\t\t\t\t\t<section class=\"elementor-section elementor-inner-section elementor-element elementor-element-e42f120 elementor-section-boxed elementor-section-height-default elementor-section-height-default\" data-id=\"e42f120\" data-element_type=\"section\" data-e-type=\"section\" data-settings=\"{&quot;_ha_eqh_enable&quot;:false}\">\n\t\t\t\t\t\t<div class=\"elementor-container elementor-column-gap-default\">\n\t\t\t\t\t<div class=\"elementor-column elementor-col-100 elementor-inner-column elementor-element elementor-element-44baf59\" data-id=\"44baf59\" data-element_type=\"column\" data-e-type=\"column\" data-settings=\"{&quot;background_background&quot;:&quot;classic&quot;}\">\n\t\t\t<div class=\"elementor-widget-wrap elementor-element-populated\">\n\t\t\t\t\t\t<div class=\"elementor-element elementor-element-1779616 elementor-widget elementor-widget-heading\" data-id=\"1779616\" data-element_type=\"widget\" data-e-type=\"widget\" data-widget_type=\"heading.default\">\n\t\t\t\t<div class=\"elementor-widget-container\">\n\t\t\t\t\t<h1 class=\"elementor-heading-title elementor-size-default\">Forfaitaire subsidie van \u20ac 750<\/h1>\t\t\t\t<\/div>\n\t\t\t\t<\/div>\n\t\t\t\t<div class=\"elementor-element elementor-element-b9bf79d elementor-widget elementor-widget-text-editor\" data-id=\"b9bf79d\" data-element_type=\"widget\" data-e-type=\"widget\" data-widget_type=\"text-editor.default\">\n\t\t\t\t<div class=\"elementor-widget-container\">\n\t\t\t\t\t\t\t\t\t<p>In het kader van het Kleinprojectenfonds worden grensoverschrijdende projecten ondersteund met advies en financi\u00eble middelen. Voor initiatieven en projecten met een forfaitaire subsidie ter hoogte van 750 euro werd het aanvraagproces voor subsidiemiddelen zeer eenvoudig en laagdrempelig vormgegeven.<\/p>\t\t\t\t\t\t\t\t<\/div>\n\t\t\t\t<\/div>\n\t\t\t\t\t<\/div>\n\t\t<\/div>\n\t\t\t\t\t<\/div>\n\t\t<\/section>\n\t\t\t\t\t<\/div>\n\t\t<\/div>\n\t\t\t\t\t<\/div>\n\t\t<\/section>\n\t\t\t\t<section class=\"elementor-section elementor-top-section elementor-element elementor-element-fb9db53 elementor-section-boxed elementor-section-height-default elementor-section-height-default\" data-id=\"fb9db53\" data-element_type=\"section\" data-e-type=\"section\" data-settings=\"{&quot;background_background&quot;:&quot;classic&quot;,&quot;_ha_eqh_enable&quot;:false}\">\n\t\t\t\t\t\t<div class=\"elementor-container elementor-column-gap-wider\">\n\t\t\t\t\t<div class=\"elementor-column elementor-col-50 elementor-top-column elementor-element elementor-element-80c754b\" data-id=\"80c754b\" data-element_type=\"column\" data-e-type=\"column\">\n\t\t\t<div class=\"elementor-widget-wrap elementor-element-populated\">\n\t\t\t\t\t\t<div class=\"elementor-element elementor-element-27880bc elementor-widget elementor-widget-text-editor\" data-id=\"27880bc\" data-element_type=\"widget\" data-e-type=\"widget\" data-widget_type=\"text-editor.default\">\n\t\t\t\t<div class=\"elementor-widget-container\">\n\t\t\t\t\t\t\t\t\t<p>Voorbeelden voor dergelijke projecten zijn: schooluitwisselingen, sportevenementen of bijeenkomsten. Elk project waarvoor een aanvraag wordt ingediend, moet bijdragen tot het verminderen van het barri\u00e8re-effect van de grens.<\/p><p>Er wordt onderscheid gemaakt tussen miniprojecten met een forfaitaire subsidie ter hoogte van 750 euro en projecten met een maximaal subsidiebedrag van 25.000 euro (bij maximale totale kosten van 50.000 euro, dus een subsidiehoogte van 50 procent). De forfaitaire subsidie is speciaal ingericht voor eendaagse evenementen. Hoe kleiner uw project is, hoe eenvoudiger het is om een aanvraag in te dienen.<\/p><p>Verdere informatie over het Kleinprojectenfonds vindt u <a href=\"https:\/\/edr.eu\/kleinprojektefonds\/\" target=\"_blank\" rel=\"noopener\">hier.<\/a>Projectaanvragen, in het kader van het Kleinprojectenfonds, kunnen via een online tool worden ingediend. Het aanvraagproces verloopt via <a href=\"https:\/\/kpf.deutschland-nederland.eu\/?\/emaillogin\" target=\"_blank\" rel=\"noopener\">dit portaal<\/a><\/p><p>Alle informatie met betrekking tot de forfaitaire subsidie van 750 euro vindt u ook op deze website: <a href=\"https:\/\/deutschland-nederland.eu\/nl\/\" target=\"_blank\" rel=\"noopener\">duitsland-nederland.eu<\/a>.<\/p><p>Het Kleinprojectenfonds wordt uitgevoerd in het kader van het Interreg VI-programma Deutschland-Nederland en wordt met 11,6 miljoen euro medegefinancierd door de Europese Unie, het Nederlandse Ministerie van Economische Zaken (EZK), MWIKE NRW en MB Niedersachsen, alsmede de provincies Groningen, Frysl\u00e2n, Drenthe, Flevoland, Overijssel, Gelderland, Noord-Brabant en Limburg.<\/p>\t\t\t\t\t\t\t\t<\/div>\n\t\t\t\t<\/div>\n\t\t\t\t<div class=\"elementor-element elementor-element-543c52e elementor-widget elementor-widget-button\" data-id=\"543c52e\" data-element_type=\"widget\" data-e-type=\"widget\" data-widget_type=\"button.default\">\n\t\t\t\t<div class=\"elementor-widget-container\">\n\t\t\t\t\t\t\t\t\t<div class=\"elementor-button-wrapper\">\n\t\t\t\t\t<a class=\"elementor-button elementor-button-link elementor-size-sm\" href=\"\/kleinprojektefonds\/\">\n\t\t\t\t\t\t<span class=\"elementor-button-content-wrapper\">\n\t\t\t\t\t\t\t\t\t<span class=\"elementor-button-text\">Naar het Kleinprojectenfonds<\/span>\n\t\t\t\t\t<\/span>\n\t\t\t\t\t<\/a>\n\t\t\t\t<\/div>\n\t\t\t\t\t\t\t\t<\/div>\n\t\t\t\t<\/div>\n\t\t\t\t\t<\/div>\n\t\t<\/div>\n\t\t\t\t<div class=\"elementor-column elementor-col-50 elementor-top-column elementor-element elementor-element-0b4afae\" data-id=\"0b4afae\" data-element_type=\"column\" data-e-type=\"column\" data-settings=\"{&quot;background_background&quot;:&quot;classic&quot;}\">\n\t\t\t<div class=\"elementor-widget-wrap elementor-element-populated\">\n\t\t\t\t\t\t<div class=\"elementor-element elementor-element-0094dcd elementor-widget elementor-widget-heading\" data-id=\"0094dcd\" data-element_type=\"widget\" data-e-type=\"widget\" data-widget_type=\"heading.default\">\n\t\t\t\t<div class=\"elementor-widget-container\">\n\t\t\t\t\t<h2 class=\"elementor-heading-title elementor-size-default\">Contact<\/h2>\t\t\t\t<\/div>\n\t\t\t\t<\/div>\n\t\t\t\t<div class=\"elementor-element elementor-element-945e85d elementor-mobile-align-start elementor-icon-list--layout-traditional elementor-list-item-link-full_width elementor-widget elementor-widget-icon-list\" data-id=\"945e85d\" data-element_type=\"widget\" data-e-type=\"widget\" data-widget_type=\"icon-list.default\">\n\t\t\t\t<div class=\"elementor-widget-container\">\n\t\t\t\t\t\t\t<ul class=\"elementor-icon-list-items\">\n\t\t\t\t\t\t\t<li class=\"elementor-icon-list-item\">\n\t\t\t\t\t\t\t\t\t\t\t<a href=\"mailto:kpf@edr.eu\">\n\n\t\t\t\t\t\t\t\t\t\t\t\t<span class=\"elementor-icon-list-icon\">\n\t\t\t\t\t\t\t<svg aria-hidden=\"true\" class=\"e-font-icon-svg e-fas-envelope-open\" viewbox=\"0 0 512 512\" xmlns=\"http:\/\/www.w3.org\/2000\/svg\"><path d=\"M512 464c0 26.51-21.49 48-48 48H48c-26.51 0-48-21.49-48-48V200.724a48 48 0 0 1 18.387-37.776c24.913-19.529 45.501-35.365 164.2-121.511C199.412 29.17 232.797-.347 256 .003c23.198-.354 56.596 29.172 73.413 41.433 118.687 86.137 139.303 101.995 164.2 121.512A48 48 0 0 1 512 200.724V464zm-65.666-196.605c-2.563-3.728-7.7-4.595-11.339-1.907-22.845 16.873-55.462 40.705-105.582 77.079-16.825 12.266-50.21 41.781-73.413 41.43-23.211.344-56.559-29.143-73.413-41.43-50.114-36.37-82.734-60.204-105.582-77.079-3.639-2.688-8.776-1.821-11.339 1.907l-9.072 13.196a7.998 7.998 0 0 0 1.839 10.967c22.887 16.899 55.454 40.69 105.303 76.868 20.274 14.781 56.524 47.813 92.264 47.573 35.724.242 71.961-32.771 92.263-47.573 49.85-36.179 82.418-59.97 105.303-76.868a7.998 7.998 0 0 0 1.839-10.967l-9.071-13.196z\"><\/path><\/svg>\t\t\t\t\t\t<\/span>\n\t\t\t\t\t\t\t\t\t\t<span class=\"elementor-icon-list-text\">kpf@edr.eu<\/span>\n\t\t\t\t\t\t\t\t\t\t\t<\/a>\n\t\t\t\t\t\t\t\t\t<\/li>\n\t\t\t\t\t\t<\/ul>\n\t\t\t\t\t\t<\/div>\n\t\t\t\t<\/div>\n\t\t\t\t<div class=\"elementor-element elementor-element-799bd3d elementor-widget elementor-widget-button\" data-id=\"799bd3d\" data-element_type=\"widget\" data-e-type=\"widget\" data-widget_type=\"button.default\">\n\t\t\t\t<div class=\"elementor-widget-container\">\n\t\t\t\t\t\t\t\t\t<div class=\"elementor-button-wrapper\">\n\t\t\t\t\t<a class=\"elementor-button elementor-button-link elementor-size-sm\" href=\"\/team\/#kpf\">\n\t\t\t\t\t\t<span class=\"elementor-button-content-wrapper\">\n\t\t\t\t\t\t\t\t\t<span class=\"elementor-button-text\">Contactpersonen<\/span>\n\t\t\t\t\t<\/span>\n\t\t\t\t\t<\/a>\n\t\t\t\t<\/div>\n\t\t\t\t\t\t\t\t<\/div>\n\t\t\t\t<\/div>\n\t\t\t\t\t<\/div>\n\t\t<\/div>\n\t\t\t\t\t<\/div>\n\t\t<\/section>\n\t\t\t\t<\/div>","protected":false},"excerpt":{"rendered":"<p>Pauschalf\u00f6rderung von 750 \u20ac Im Rahmen des Kleinprojektefonds werden grenz\u00fcbergreifende Projekte beratend und finanziell unterst\u00fctzt. F\u00fcr Initiativen und Projekte mit einer Pauschalf\u00f6rderung in H\u00f6he von 750 Euro wurde dabei das Antragsverfahren f\u00fcr F\u00f6rdermittel sehr einfach und niedrigschwellig gestaltet. Beispiele f\u00fcr solche Projekte sind Sch\u00fcleraustausche, Sportveranstaltungen oder Konferenzen. Jedes beantragte Projekt muss dazu beitragen, die Barrierewirkung [&hellip;]<\/p>\n","protected":false},"author":13,"featured_media":0,"parent":0,"menu_order":0,"comment_status":"closed","ping_status":"closed","template":"","meta":{"footnotes":""},"wf_page_folders":[60],"class_list":["post-3338","page","type-page","status-publish","hentry"],"_links":{"self":[{"href":"https:\/\/edr.eu\/nl\/wp-json\/wp\/v2\/pages\/3338","targetHints":{"allow":["GET"]}}],"collection":[{"href":"https:\/\/edr.eu\/nl\/wp-json\/wp\/v2\/pages"}],"about":[{"href":"https:\/\/edr.eu\/nl\/wp-json\/wp\/v2\/types\/page"}],"author":[{"embeddable":true,"href":"https:\/\/edr.eu\/nl\/wp-json\/wp\/v2\/users\/13"}],"replies":[{"embeddable":true,"href":"https:\/\/edr.eu\/nl\/wp-json\/wp\/v2\/comments?post=3338"}],"version-history":[{"count":5,"href":"https:\/\/edr.eu\/nl\/wp-json\/wp\/v2\/pages\/3338\/revisions"}],"predecessor-version":[{"id":6056,"href":"https:\/\/edr.eu\/nl\/wp-json\/wp\/v2\/pages\/3338\/revisions\/6056"}],"wp:attachment":[{"href":"https:\/\/edr.eu\/nl\/wp-json\/wp\/v2\/media?parent=3338"}],"wp:term":[{"taxonomy":"wf_page_folders","embeddable":true,"href":"https:\/\/edr.eu\/nl\/wp-json\/wp\/v2\/wf_page_folders?post=3338"}],"curies":[{"name":"wp","href":"https:\/\/api.w.org\/{rel}","templated":true}]}}